{"id":122,"date":"2024-09-23T18:22:43","date_gmt":"2024-09-23T18:22:43","guid":{"rendered":"https:\/\/devel.odylsa.es\/?page_id=122"},"modified":"2024-10-01T19:26:56","modified_gmt":"2024-10-01T19:26:56","slug":"politica-de-cookies","status":"publish","type":"page","link":"https:\/\/www.odylsa.es\/ca\/politica-de-cookies\/","title":{"rendered":"Pol\u00edtica de Cookies"},"content":{"rendered":"\t\t<div data-elementor-type=\"wp-page\" data-elementor-id=\"122\" class=\"elementor elementor-122\" data-elementor-post-type=\"page\">\n\t\t\t\t<div class=\"elementor-element elementor-element-1b89917b e-flex e-con-boxed e-con e-parent\" data-id=\"1b89917b\" data-element_type=\"container\" data-e-type=\"container\">\n\t\t\t\t\t<div class=\"e-con-inner\">\n\t\t\t\t<div class=\"elementor-element elementor-element-2fe09dc elementor-widget elementor-widget-text-editor\" data-id=\"2fe09dc\" data-element_type=\"widget\" data-e-type=\"widget\" data-widget_type=\"text-editor.default\">\n\t\t\t\t<div class=\"elementor-widget-container\">\n\t\t\t\t\t\t\t\t\t<p><\/p>\n<h4>1. QU\u00c8 S\u00d3N LES COOKIES?<\/h4>\n<p>Les cookies s\u00f3n petits arxius de dades que es reben al terminal des del lloc web visitat i es fan servir per registrar certes interaccions de la navegaci\u00f3 en un lloc web, emmagatzemant dades que podran ser actualitzades i recuperades. Aquests fitxers s&#8217;emmagatzemen a l&#8217;ordinador de l&#8217;usuari i contenen dades an\u00f2nimes que no s\u00f3n perjudicials per al vostre equip. S&#8217;utilitzen per recordar les prefer\u00e8ncies de l&#8217;usuari, com ara l&#8217;idioma seleccionat, les dades d&#8217;acc\u00e9s o la personalitzaci\u00f3 de la p\u00e0gina.<\/p>\n<p>Les galetes tamb\u00e9 poden ser utilitzades per registrar informaci\u00f3 an\u00f2nima sobre com un visitant utilitza un lloc. Per exemple, des de quina p\u00e0gina web heu accedit, o si heu utilitzat un &#8220;banner&#8221; publicitari per arribar-hi.<\/p>\n<h4>2. PER QU\u00c8 UTILITZEM COOKIES?<\/h4>\n<p>ODYL, S.A..utilitza les cookies estrictament necess\u00e0ries i essencials perqu\u00e8 utilitzi els nostres llocs web i permetin moure&#8217;s lliurement, utilitzar \u00e0rees segures, opcions personalitzades, etc. A m\u00e9s, ODYL, S.A..utilitza cookies que recullen dades relatives a l&#8217;an\u00e0lisi d&#8217;\u00fas del web. Aquestes es fan servir per ajudar a millorar el servei al client, mesurant l&#8217;\u00fas i el rendiment de la p\u00e0gina, per optimitzar-la i personalitzar-la.<br \/>Els nostres llocs tamb\u00e9 poden tenir enlla\u00e7os de xarxes socials (com Facebook o Twitter). ODYL, S.A. no controla les cookies utilitzades per aquests webs externs. Per a m\u00e9s informaci\u00f3 sobre les galetes de les xarxes socials o altres webs alienes, aconsellem revisar les seves pr\u00f2pies pol\u00edtiques de galetes.<\/p>\n<p>Aquest lloc web utilitza &#8220;cookies&#8221; de la seg\u00fcent manera:<\/p>\n<p>\u2022 Cookie de Google ANALYTICS: Google ANALYTICS \u00e9s un servei gratu\u00eft que ofereix Google Inc. i que recull informaci\u00f3 sobre les p\u00e0gines del web consultat, a quina hora, quin navegador web, etc. Posteriorment, aquesta informaci\u00f3 s&#8217;envia als servidors de Google Inc. als Estats Units.<\/p>\n<p>\u2022 Cookies d&#8217;aplicaci\u00f3 &#8220;Add-this&#8221;: Add-this \u00e9s un servei gratu\u00eft que us permet compartir p\u00e0gines d&#8217;aquest lloc web per diferents mitjans (correu electr\u00f2nic, xarxes socials, etc.). Add-his recull informaci\u00f3 estad\u00edstica de la vostra navegaci\u00f3 per proporcionar publicitat adaptada als vostres h\u00e0bits de navegaci\u00f3 en aquest lloc web o en qualsevol altre lloc.<\/p>\n<h4>3. QUIN \u00daS LI DONEM ALS DIFERENTS TIPUS DE COOKIES?<\/h4>\n<p>Segons la finalitat:<\/p>\n<p>\u2022 Galetes t\u00e8cniques: Les galetes t\u00e8cniques s\u00f3n aquelles imprescindibles i estrictament necess\u00e0ries per al funcionament correcte d&#8217;un portal web i la utilitzaci\u00f3 de les diferents opcions i serveis que ofereix. Per exemple, les que serveixen per al manteniment de la sessi\u00f3, la gesti\u00f3 del temps de resposta, el rendiment o la validaci\u00f3 d&#8217;opcions, utilitzar elements de seguretat, compartir contingut amb xarxes socials, etc.<\/p>\n<p>\u2022 Galetes de personalitzaci\u00f3: Aquestes galetes permeten a l&#8217;usuari especificar o personalitzar algunes caracter\u00edstiques de les opcions generals de la p\u00e0gina web, per exemple, definir l&#8217;idioma, configuraci\u00f3 regional o tipus de navegador.<\/p>\n<p>\u2022 Galetes anal\u00edtiques: Les galetes anal\u00edtiques s\u00f3n les utilitzades pel nostre portal web, per elaborar perfils de navegaci\u00f3 i poder con\u00e8ixer les prefer\u00e8ncies dels usuaris del mateix per tal de millorar l&#8217;oferta de productes i serveis. Per exemple, mitjan\u00e7ant una galeta anal\u00edtica es controlarien les \u00e0rees geogr\u00e0fiques de m\u00e9s inter\u00e8s d&#8217;un usuari, quin \u00e9s el producte de m\u00e9s acceptaci\u00f3, etc.<\/p>\n<p>\u2022 Galetes publicit\u00e0ries\/de publicitat: Les galetes publicit\u00e0ries permeten la gesti\u00f3 dels espais publicitaris en base a criteris concrets. Per exemple, la freq\u00fc\u00e8ncia dacc\u00e9s, el contingut editat, etc. Les galetes de publicitat permeten a trav\u00e9s de la gesti\u00f3 de la publicitat emmagatzemar informaci\u00f3 del comportament a trav\u00e9s de l&#8217;observaci\u00f3 d&#8217;h\u00e0bits, estudiant els accessos i formant un perfil de prefer\u00e8ncies de l&#8217;usuari, per oferir publicitat relacionada amb els interessos del perfil.<\/p>\n<p>Segons termini:<\/p>\n<p>\u2022 Galetes de sessi\u00f3: Les galetes de sessi\u00f3 s\u00f3n aquelles que duren el temps que l&#8217;usuari est\u00e0 navegant per la p\u00e0gina web i s&#8217;esborren al final.<\/p>\n<p>\u2022 Cookies persistents: Aquestes cookies queden emmagatzemades al terminal de l&#8217;usuari per un temps m\u00e9s llarg, facilitant aix\u00ed el control de les prefer\u00e8ncies triades sense haver de repetir certs par\u00e0metres cada cop que es visiti el lloc web.<\/p>\n<h4>4. PER QU\u00c8 NECESSITEM EL SEU CONSENTIMENT EXPL\u00cdCIT PER UTILITZAR-LES?<\/h4>\n<p>\u00e8 Sent\u00e8ncia de la Gran Sala del Tribunal de Just\u00edcia de la Uni\u00f3 Europea, d&#8217;1 d&#8217;octubre del 2019<\/p>\n<p>La sent\u00e8ncia de la Gran Sala del Tribunal de Just\u00edcia de la Uni\u00f3 Europea, del dia 1 doctubre de 2019, sha dinterpretar en el sentit que el consentiment no es presta de manera v\u00e0lida quan lemmagatzematge dinformaci\u00f3, o lacc\u00e9s a la informaci\u00f3 ja emmagatzemada a l&#8217;equip terminal de l&#8217;usuari d&#8217;un lloc web d&#8217;internet, a trav\u00e9s de cookies s&#8217;autoritza mitjan\u00e7ant una casella marcada per defecte de la qual l&#8217;usuari ha de retirar la marca en cas que en vulgui rebutjar l&#8217;\u00fas. En aquest sentit, lautoritzaci\u00f3 ha de basar-se en una acceptaci\u00f3 expl\u00edcita o b\u00e9 un rebuig igual per part de lusuari.<br \/>Aquesta interpretaci\u00f3 no pot variar en funci\u00f3 de si la informaci\u00f3 emmagatzemada o consultada al terminal de l&#8217;usuari d&#8217;un lloc web consti o no de dades de car\u00e0cter personal.<\/p>\n<p>La Gran Sala del Tribunal de Just\u00edcia de la Uni\u00f3 Europea tamb\u00e9 disposa en aquesta sent\u00e8ncia que la informaci\u00f3 que el prove\u00efdor de serveis ha de facilitar a lusuari dun lloc web dinternet ha dincloure el temps durant el qual les cookies romandran actives i la possibilitat de que tercers puguin accedir a la informaci\u00f3 que aquestes emmagatzemen. Aquest requisit ho estableix la versi\u00f3 modificada per la Directiva 2009\/136, que modifica l&#8217;article 5, apartat 3, de la Directiva 2002\/58\/UE.<\/p>\n<p>Pel que fa a la possibilitat que l&#8217;usuari pugui rebutjar l&#8217;\u00fas de les cookies, cal tenir en compte que si rebutja o esborra les cookies de navegaci\u00f3 per la Web, no podrem mantenir les seves prefer\u00e8ncies, algunes caracter\u00edstiques de les p\u00e0gines no estaran operatives, no podrem oferir-vos serveis personalitzats i cada vegada que aneu a navegar per la nostra web haurem de sol\u00b7licitar-vos de nou la vostra autoritzaci\u00f3 per a l&#8217;\u00fas de cookies.<\/p>\n<p>Si tot i aix\u00ed decidiu modificar la configuraci\u00f3 del vostre acc\u00e9s a la p\u00e0gina web, heu de saber que \u00e9s possible eliminar les cookies o impedir que es registri aquesta informaci\u00f3 en el vostre equip en qualsevol moment mitjan\u00e7ant la modificaci\u00f3 dels par\u00e0metres de configuraci\u00f3 del vostre navegador:<br \/>Configuraci\u00f3 de galetes d&#8217;Internet Explorer.<br \/>Configuraci\u00f3 de galetes de Firefox.<br \/>Configuraci\u00f3 de galetes de Google Chrome.<br \/>Configuraci\u00f3 de galetes de Safari.<br \/>Aquests navegadors estan sotmesos a canvis o modificacions, per la qual cosa no podem garantir que s&#8217;ajustin completament a la versi\u00f3 del vostre navegador. Tamb\u00e9 pot ser que utilitzeu un altre navegador no contemplat en aquests enlla\u00e7os com Konqueror, Arora, Flock, etc. Per evitar aquests desajustaments, podeu accedir directament des de les opcions del vostre navegador que es troba generalment al men\u00fa d&#8217;Opcions, a la secci\u00f3 de &#8220;Privadesa&#8221;. (Si us plau, consulteu l&#8217;ajuda del vostre navegador per a m\u00e9s informaci\u00f3.)<\/p>\n<h4>5. ON PUC OBTENIR M\u00c9S INFORMACI\u00d3?<\/h4>\n<p>Podeu trobar m\u00e9s informaci\u00f3 sobre cookies a:<br \/>www.allaboutcookies.org o www.youronlinechoices.eu.<\/p>\t\t\t\t\t\t\t\t<\/div>\n\t\t\t\t<\/div>\n\t\t\t\t\t<\/div>\n\t\t\t\t<\/div>\n\t\t\t\t<\/div>\n\t\t","protected":false},"excerpt":{"rendered":"<p>1. QU\u00c8 S\u00d3N LES COOKIES? Les cookies s\u00f3n petits arxius de dades que es reben al terminal des del lloc web visitat i es fan servir per registrar certes interaccions de la navegaci\u00f3 en un lloc web, emmagatzemant dades que podran ser actualitzades i recuperades. Aquests fitxers s&#8217;emmagatzemen a l&#8217;ordinador de l&#8217;usuari i contenen dades [&hellip;]<\/p>\n","protected":false},"author":1,"featured_media":0,"parent":0,"menu_order":0,"comment_status":"closed","ping_status":"closed","template":"","meta":{"_acf_changed":false,"footnotes":""},"class_list":["post-122","page","type-page","status-publish","hentry"],"acf":[],"yoast_head":"<!-- This site is optimized with the Yoast SEO plugin v27.1.1 - https:\/\/yoast.com\/product\/yoast-seo-wordpress\/ -->\n<title>Pol\u00edtica de Cookies - Odylsa<\/title>\n<meta name=\"robots\" content=\"index, follow, max-snippet:-1, max-image-preview:large, max-video-preview:-1\" \/>\n<link rel=\"canonical\" href=\"https:\/\/www.odylsa.es\/politica-de-cookies\/\" \/>\n<meta property=\"og:locale\" content=\"ca_ES\" \/>\n<meta property=\"og:type\" content=\"article\" \/>\n<meta property=\"og:title\" content=\"Pol\u00edtica de Cookies - Odylsa\" \/>\n<meta property=\"og:description\" content=\"1. QU\u00c8 S\u00d3N LES COOKIES? Les cookies s\u00f3n petits arxius de dades que es reben al terminal des del lloc web visitat i es fan servir per registrar certes interaccions de la navegaci\u00f3 en un lloc web, emmagatzemant dades que podran ser actualitzades i recuperades. Aquests fitxers s&#8217;emmagatzemen a l&#8217;ordinador de l&#8217;usuari i contenen dades [&hellip;]\" \/>\n<meta property=\"og:url\" content=\"https:\/\/www.odylsa.es\/politica-de-cookies\/\" \/>\n<meta property=\"og:site_name\" content=\"Odylsa\" \/>\n<meta property=\"article:modified_time\" content=\"2024-10-01T19:26:56+00:00\" \/>\n<meta name=\"twitter:card\" content=\"summary_large_image\" \/>\n<meta name=\"twitter:label1\" content=\"Temps estimat de lectura\" \/>\n\t<meta name=\"twitter:data1\" content=\"6 minuts\" \/>\n<script type=\"application\/ld+json\" class=\"yoast-schema-graph\">{\"@context\":\"https:\/\/schema.org\",\"@graph\":[{\"@type\":\"WebPage\",\"@id\":\"https:\/\/www.odylsa.es\/politica-de-cookies\/\",\"url\":\"https:\/\/www.odylsa.es\/politica-de-cookies\/\",\"name\":\"Pol\u00edtica de Cookies - Odylsa\",\"isPartOf\":{\"@id\":\"https:\/\/www.odylsa.es\/#website\"},\"datePublished\":\"2024-09-23T18:22:43+00:00\",\"dateModified\":\"2024-10-01T19:26:56+00:00\",\"breadcrumb\":{\"@id\":\"https:\/\/www.odylsa.es\/politica-de-cookies\/#breadcrumb\"},\"inLanguage\":\"ca\",\"potentialAction\":[{\"@type\":\"ReadAction\",\"target\":[\"https:\/\/www.odylsa.es\/politica-de-cookies\/\"]}]},{\"@type\":\"BreadcrumbList\",\"@id\":\"https:\/\/www.odylsa.es\/politica-de-cookies\/#breadcrumb\",\"itemListElement\":[{\"@type\":\"ListItem\",\"position\":1,\"name\":\"Portada\",\"item\":\"https:\/\/www.odylsa.es\/ca\/\"},{\"@type\":\"ListItem\",\"position\":2,\"name\":\"Pol\u00edtica de Cookies\"}]},{\"@type\":\"WebSite\",\"@id\":\"https:\/\/www.odylsa.es\/#website\",\"url\":\"https:\/\/www.odylsa.es\/\",\"name\":\"Odylsa\",\"description\":\"\",\"publisher\":{\"@id\":\"https:\/\/www.odylsa.es\/#organization\"},\"potentialAction\":[{\"@type\":\"SearchAction\",\"target\":{\"@type\":\"EntryPoint\",\"urlTemplate\":\"https:\/\/www.odylsa.es\/?s={search_term_string}\"},\"query-input\":{\"@type\":\"PropertyValueSpecification\",\"valueRequired\":true,\"valueName\":\"search_term_string\"}}],\"inLanguage\":\"ca\"},{\"@type\":\"Organization\",\"@id\":\"https:\/\/www.odylsa.es\/#organization\",\"name\":\"Odylsa\",\"url\":\"https:\/\/www.odylsa.es\/\",\"logo\":{\"@type\":\"ImageObject\",\"inLanguage\":\"ca\",\"@id\":\"https:\/\/www.odylsa.es\/#\/schema\/logo\/image\/\",\"url\":\"https:\/\/www.odylsa.es\/wp-content\/uploads\/2024\/09\/LOGO_ODYLSA-1.svg\",\"contentUrl\":\"https:\/\/www.odylsa.es\/wp-content\/uploads\/2024\/09\/LOGO_ODYLSA-1.svg\",\"width\":179,\"height\":89,\"caption\":\"Odylsa\"},\"image\":{\"@id\":\"https:\/\/www.odylsa.es\/#\/schema\/logo\/image\/\"}}]}<\/script>\n<!-- \/ Yoast SEO plugin. -->","yoast_head_json":{"title":"Pol\u00edtica de Cookies - Odylsa","robots":{"index":"index","follow":"follow","max-snippet":"max-snippet:-1","max-image-preview":"max-image-preview:large","max-video-preview":"max-video-preview:-1"},"canonical":"https:\/\/www.odylsa.es\/politica-de-cookies\/","og_locale":"ca_ES","og_type":"article","og_title":"Pol\u00edtica de Cookies - Odylsa","og_description":"1. QU\u00c8 S\u00d3N LES COOKIES? Les cookies s\u00f3n petits arxius de dades que es reben al terminal des del lloc web visitat i es fan servir per registrar certes interaccions de la navegaci\u00f3 en un lloc web, emmagatzemant dades que podran ser actualitzades i recuperades. Aquests fitxers s&#8217;emmagatzemen a l&#8217;ordinador de l&#8217;usuari i contenen dades [&hellip;]","og_url":"https:\/\/www.odylsa.es\/politica-de-cookies\/","og_site_name":"Odylsa","article_modified_time":"2024-10-01T19:26:56+00:00","twitter_card":"summary_large_image","twitter_misc":{"Temps estimat de lectura":"6 minuts"},"schema":{"@context":"https:\/\/schema.org","@graph":[{"@type":"WebPage","@id":"https:\/\/www.odylsa.es\/politica-de-cookies\/","url":"https:\/\/www.odylsa.es\/politica-de-cookies\/","name":"Pol\u00edtica de Cookies - Odylsa","isPartOf":{"@id":"https:\/\/www.odylsa.es\/#website"},"datePublished":"2024-09-23T18:22:43+00:00","dateModified":"2024-10-01T19:26:56+00:00","breadcrumb":{"@id":"https:\/\/www.odylsa.es\/politica-de-cookies\/#breadcrumb"},"inLanguage":"ca","potentialAction":[{"@type":"ReadAction","target":["https:\/\/www.odylsa.es\/politica-de-cookies\/"]}]},{"@type":"BreadcrumbList","@id":"https:\/\/www.odylsa.es\/politica-de-cookies\/#breadcrumb","itemListElement":[{"@type":"ListItem","position":1,"name":"Portada","item":"https:\/\/www.odylsa.es\/ca\/"},{"@type":"ListItem","position":2,"name":"Pol\u00edtica de Cookies"}]},{"@type":"WebSite","@id":"https:\/\/www.odylsa.es\/#website","url":"https:\/\/www.odylsa.es\/","name":"Odylsa","description":"","publisher":{"@id":"https:\/\/www.odylsa.es\/#organization"},"potentialAction":[{"@type":"SearchAction","target":{"@type":"EntryPoint","urlTemplate":"https:\/\/www.odylsa.es\/?s={search_term_string}"},"query-input":{"@type":"PropertyValueSpecification","valueRequired":true,"valueName":"search_term_string"}}],"inLanguage":"ca"},{"@type":"Organization","@id":"https:\/\/www.odylsa.es\/#organization","name":"Odylsa","url":"https:\/\/www.odylsa.es\/","logo":{"@type":"ImageObject","inLanguage":"ca","@id":"https:\/\/www.odylsa.es\/#\/schema\/logo\/image\/","url":"https:\/\/www.odylsa.es\/wp-content\/uploads\/2024\/09\/LOGO_ODYLSA-1.svg","contentUrl":"https:\/\/www.odylsa.es\/wp-content\/uploads\/2024\/09\/LOGO_ODYLSA-1.svg","width":179,"height":89,"caption":"Odylsa"},"image":{"@id":"https:\/\/www.odylsa.es\/#\/schema\/logo\/image\/"}}]}},"_links":{"self":[{"href":"https:\/\/www.odylsa.es\/ca\/wp-json\/wp\/v2\/pages\/122","targetHints":{"allow":["GET"]}}],"collection":[{"href":"https:\/\/www.odylsa.es\/ca\/wp-json\/wp\/v2\/pages"}],"about":[{"href":"https:\/\/www.odylsa.es\/ca\/wp-json\/wp\/v2\/types\/page"}],"author":[{"embeddable":true,"href":"https:\/\/www.odylsa.es\/ca\/wp-json\/wp\/v2\/users\/1"}],"replies":[{"embeddable":true,"href":"https:\/\/www.odylsa.es\/ca\/wp-json\/wp\/v2\/comments?post=122"}],"version-history":[{"count":10,"href":"https:\/\/www.odylsa.es\/ca\/wp-json\/wp\/v2\/pages\/122\/revisions"}],"predecessor-version":[{"id":1800,"href":"https:\/\/www.odylsa.es\/ca\/wp-json\/wp\/v2\/pages\/122\/revisions\/1800"}],"wp:attachment":[{"href":"https:\/\/www.odylsa.es\/ca\/wp-json\/wp\/v2\/media?parent=122"}],"curies":[{"name":"wp","href":"https:\/\/api.w.org\/{rel}","templated":true}]}}